{"id":48,"date":"2014-03-20T14:51:31","date_gmt":"2014-03-20T13:51:31","guid":{"rendered":"http:\/\/www.servidasenred.net\/net\/?page_id=48"},"modified":"2014-05-08T08:04:34","modified_gmt":"2014-05-08T07:04:34","slug":"aviso-legal","status":"publish","type":"page","link":"https:\/\/www.servidasenred.net\/net\/aviso-legal\/","title":{"rendered":"Aviso legal"},"content":{"rendered":"<h2>Informaci\u00f3n legal<\/h2>\n<blockquote><p>La titular de este sitio web y de su portal <strong>servidasenred.net<\/strong> es la <strong>Federaci\u00f3n de Asociaciones de Mujeres de la Alpujarra<\/strong> (en adelante FAMA), con domicilio en calle \u00c1ngel, s\/n, 18450 &#8211; Mecina Bombar\u00f3n (GRANADA) y NIF n.\u00ba G18814525, e inscrita en el Registro de Asociaciones de Andalucia, con el n.\u00ba 63, Secci\u00f3n Segunda, de Federaciones y Confederaciones.<\/p>\n<p>Puedes dirigirte a FAMA mediante correo electr\u00f3nico a trav\u00e9s de la direcci\u00f3n <strong>federacionmujeresalpujarra@yahoo.es <\/strong>o en el tel\u00e9fono <strong>608 740 028<\/strong>.<\/p><\/blockquote>\n<p>Esta informaci\u00f3n legal se completa con la Pol\u00edtica de Privacidad y con las Condiciones de Uso del sitio web.<\/p>\n<p>&nbsp;<\/p>\n<h3><em>Finalidad no lucrativa<\/em><\/h3>\n<p>FAMA es una organizaci\u00f3n de naturaleza asociativa y sin \u00e1nimo de lucro. La finalidad principal de este sitio web es servir de plataforma para el contacto directo entre personas ofertantes de productos o servicios y otras interesadas en los mismos. El acceso al sitio web es gratuito y no se percibe importe alguno bajo ning\u00fan concepto. La publicaci\u00f3n de una oferta u otros contenidos no supone ning\u00fan coste.<\/p>\n<p>&nbsp;<\/p>\n<h2>Pol\u00edtica de Privacidad<\/h2>\n<blockquote><p><strong>En este sitio web no se emplean &#8216;cookies&#8217; ni ning\u00fan otro m\u00e9todo de seguimiento de la navegaci\u00f3n.<\/strong><\/p><\/blockquote>\n<p><strong>EN ESTE SITIO WEB NO SE RECABA NING\u00daN DATO PERSONAL DE SUS VISITANTES.<\/strong> Tampoco se muestran otros distintos a los facilitados voluntariamente por las personas ofertantes con el fin de poder ser contactadas directamente por las personas interesadas en sus ofertas. No se emplea ninguna base de datos personales de terceros, ni se proporcionan datos que pudieran incorporarse a ninguna de ellas.<\/p>\n<p>En el \u00fanico formulario de contacto (el buz\u00f3n de Ser-Vidas en Red) los datos obligatorios &#8216;Nombre&#8217; y &#8216;Correo electr\u00f3nico&#8217; se emplean como filtros de protecci\u00f3n frente a &#8216;correo basura&#8217;, y no se usar\u00e1n para enviar correos electr\u00f3nicos que no hayan sido solicitados expresamente en el contenido del mensaje. De publicarse dicho &#8216;Nombre&#8217; junto al comentario enviado, lo ser\u00eda a modo de pseud\u00f3nimo identificativo.<\/p>\n<p><em>Aunque FAMA no hace uso de dichos datos, \u00e9stos son almacenados internamente (y de manera segura) por el motor web, pudiendo solicitar su modificaci\u00f3n o eliminaci\u00f3n mediante correo electr\u00f3nico a trav\u00e9s de la direcci\u00f3n <strong>ser@servidasenred.net<\/strong><\/em><\/p>\n<p>&nbsp;<\/p>\n<h2>Condiciones de Uso del sitio web<\/h2>\n<p>El acceso y\/o uso de este portal de FAMA atribuye la condici\u00f3n de persona USUARIA, que acepta, desde dicho acceso y\/o uso, las Condiciones Generales de Uso aqu\u00ed reflejadas.<\/p>\n<p>FAMA se reserva la facultad de modificar, en cualquier momento y sin previo aviso, la presentaci\u00f3n y configuraci\u00f3n del sitio web y de los contenidos y servicios que en \u00e9l se incorporan. La persona USUARIA reconoce y acepta que en cualquier momento FAMA pueda interrumpir, desactivar y\/o cancelar cualquiera de los contenidos y servicios que se integran en el sitio web. Asimismo, se compromete a hacer un uso adecuado de los contenidos y servicios (como por ejemplo servicios de chat, foros de discusi\u00f3n o grupos de noticias) que FAMA ofrece a trav\u00e9s de su portal y con car\u00e1cter enunciativo pero no limitativo, a no emplearlos para (i) incurrir en actividades il\u00edcitas, ilegales o contrarias a la buena fe y al orden p\u00fablico; (ii) difundir contenidos o propaganda de car\u00e1cter racista, xen\u00f3fobo, hom\u00f3fobo, pornogr\u00e1fico-ilegal, de apolog\u00eda del terrorismo o atentatorio contra los derechos humanos; (iii) provocar da\u00f1os en los sistemas f\u00edsicos y l\u00f3gicos de FAMA, de sus proveedores o de terceras personas, introducir o difundir en la red virus inform\u00e1ticos o cualesquiera otros sistemas f\u00edsicos o l\u00f3gicos que sean susceptibles de provocar los da\u00f1os anteriormente mencionados; (iv) intentar acceder y, en su caso, utilizar las cuentas de correo electr\u00f3nico de otros usuarios y modificar o manipular sus mensajes.<\/p>\n<p>FAMA se reserva el derecho de retirar todos aquellos comentarios y aportaciones que vulneren el respeto a la dignidad de la persona, que sean discriminatorios, xen\u00f3fobos, racistas, hom\u00f3fobos, pornogr\u00e1ficos, que atenten contra la juventud o la infancia, el orden o la seguridad p\u00fablica o que, a su juicio, no resultaran adecuados para su publicaci\u00f3n. En cualquier caso, FAMA no ser\u00e1 responsable de las opiniones vertidas por las personas USUARIAS a trav\u00e9s de los foros, chats, u otras herramientas de participaci\u00f3n.<\/p>\n<p>FAMA no se hace responsable, en ning\u00fan caso, de los da\u00f1os y perjuicios de cualquier naturaleza que pudieran ocasionar, a t\u00edtulo enunciativo: errores u omisiones en los contenidos, falta de disponibilidad del portal o la transmisi\u00f3n de virus o programas maliciosos o lesivos en los contenidos, a pesar de haber adoptado todas las medidas tecnol\u00f3gicas necesarias para evitarlo.<\/p>\n<div dir=\"ltr\" data-angle=\"0\" data-font-name=\"g_font_64_0\" data-canvas-width=\"116.28799722747799\">\n<p>En el caso de que en <strong>servidasenred.net<\/strong> se dispusiesen enlaces o hiperv\u00ednculos hac\u00eda otros sitios de Internet, FAMA no ejercer\u00e1 ning\u00fan tipo de control sobre dichos sitios y contenidos. En ning\u00fan caso FAMA asumir\u00e1 responsabilidad alguna por los contenidos de alg\u00fan enlace perteneciente a un sitio web ajeno, ni garantizar\u00e1 la disponibilidad t\u00e9cnica, calidad, fiabilidad, exactitud, amplitud, veracidad, validez y constitucionalidad de cualquier material o informaci\u00f3n contenida en ninguno de dichos hiperv\u00ednculos u otros sitios de Internet. Igualmente la inclusi\u00f3n de estas conexiones externas no implicar\u00e1 ning\u00fan tipo de asociaci\u00f3n, fusi\u00f3n o participaci\u00f3n con las entidades conectadas.<\/p>\n<p>FAMA se reserva el derecho a denegar o retirar el acceso a <strong>servidasenred.net<\/strong> y\/o los servicios ofrecidos sin necesidad de preaviso, a instancia propia o de un tercero, a aquellas personas USUARIAS que incumplan las presentes Condiciones de Uso.<\/p>\n<p>FAMA perseguir\u00e1 el incumplimiento de las presentes condiciones as\u00ed como cualquier utilizaci\u00f3n indebida de su portal ejerciendo todas las acciones civiles y penales que le puedan corresponder en derecho.<\/p>\n<p>FAMA podr\u00e1 modificar en cualquier momento las condiciones aqu\u00ed determinadas, siendo debidamente publicadas como aqu\u00ed aparecen. La vigencia de las citadas condiciones ir\u00e1 en funci\u00f3n de su exposici\u00f3n y estar\u00e1n vigentes hasta que sean modificadas por otras debidamente publicadas.<\/p>\n<p>La relaci\u00f3n entre FAMA y las personas USUARIAS se regir\u00e1 por la normativa espa\u00f1ola vigente y cualquier controversia se someter\u00e1 a los Juzgados y tribunales de la ciudad de Granada.<\/p>\n<p>&nbsp;<\/p>\n<a href=\"\" class=\"su-button su-button-style-default\" style=\"color:#660099;background-color:#fff;border-color:#cccccc;border-radius:4px;-moz-border-radius:4px;-webkit-border-radius:4px\" target=\"_self\"><span style=\"color:#660099;padding:5px 14px;font-size:12px;line-height:18px;border-color:#ffffff;border-radius:4px;-moz-border-radius:4px;-webkit-border-radius:4px;text-shadow:none;-moz-text-shadow:none;-webkit-text-shadow:none\"><i class=\"sui sui-long-arrow-left\" style=\"font-size:12px;color:#660099\"><\/i> Volver atr\u00e1s<\/span><\/a> <div class=\"su-divider su-divider-style-default\" style=\"margin:15px 0;border-width:3px;border-color:#999999\"><a href=\"#\" style=\"color:#999999\">Volver arriba<\/a><\/div>\n<\/div>\n","protected":false},"excerpt":{"rendered":"<p>Informaci\u00f3n legal La titular de este sitio web y de su portal servidasenred.net es la Federaci\u00f3n de Asociaciones de Mujeres de la Alpujarra (en adelante FAMA), con domicilio en calle \u00c1ngel, s\/n, 18450 &#8211; Mecina Bombar\u00f3n (GRANADA) y NIF n.\u00ba&#8230;<\/p>\n","protected":false},"author":2,"featured_media":0,"parent":0,"menu_order":0,"comment_status":"closed","ping_status":"closed","template":"templates\/landing-page.php","meta":{"footnotes":""},"_links":{"self":[{"href":"https:\/\/www.servidasenred.net\/net\/wp-json\/wp\/v2\/pages\/48"}],"collection":[{"href":"https:\/\/www.servidasenred.net\/net\/wp-json\/wp\/v2\/pages"}],"about":[{"href":"https:\/\/www.servidasenred.net\/net\/wp-json\/wp\/v2\/types\/page"}],"author":[{"embeddable":true,"href":"https:\/\/www.servidasenred.net\/net\/wp-json\/wp\/v2\/users\/2"}],"replies":[{"embeddable":true,"href":"https:\/\/www.servidasenred.net\/net\/wp-json\/wp\/v2\/comments?post=48"}],"version-history":[{"count":0,"href":"https:\/\/www.servidasenred.net\/net\/wp-json\/wp\/v2\/pages\/48\/revisions"}],"wp:attachment":[{"href":"https:\/\/www.servidasenred.net\/net\/wp-json\/wp\/v2\/media?parent=48"}],"curies":[{"name":"wp","href":"https:\/\/api.w.org\/{rel}","templated":true}]}}