{"id":84,"date":"2014-03-20T16:05:26","date_gmt":"2014-03-20T15:05:26","guid":{"rendered":"http:\/\/www.servidasenred.net\/net\/?page_id=84"},"modified":"2014-03-28T09:28:17","modified_gmt":"2014-03-28T08:28:17","slug":"consumo-local","status":"publish","type":"page","link":"https:\/\/www.servidasenred.net\/net\/que-nos-mueve\/consumo-local\/","title":{"rendered":"consumo local"},"content":{"rendered":"<p><strong><img loading=\"lazy\" decoding=\"async\" class=\"size-medium wp-image-1222 alignright\" alt=\"Campa\u00f1a etiquetado alimentos\" src=\"http:\/\/www.servidasenred.net\/net\/wp-content\/uploads\/2014\/03\/Campa\u00f1a-etiquetado-alimentos-400x243.jpg\" width=\"307\" height=\"187\" srcset=\"https:\/\/www.servidasenred.net\/net\/wp-content\/uploads\/2014\/03\/Campa\u00f1a-etiquetado-alimentos-400x243.jpg 400w, https:\/\/www.servidasenred.net\/net\/wp-content\/uploads\/2014\/03\/Campa\u00f1a-etiquetado-alimentos.jpg 946w\" sizes=\"(max-width: 307px) 100vw, 307px\" \/><\/strong>El consumo local o econom\u00eda local hace referencia al esfuerzo colaborativo para construir econom\u00edas basadas en productos de la localidad, comarca o regi\u00f3n.<br \/>\nEspec\u00edficamente en el \u00e1mbito de la alimentaci\u00f3n, hace referencia a la producci\u00f3n, procesamiento, distribuci\u00f3n y consumo integrados para mejorar la econom\u00eda, medio ambiente, salud y relaciones sociales de un lugar en particular y se considera parte de un movimiento m\u00e1s amplio, como es el del movimiento sostenible.<\/p>\n<p>&nbsp;<\/p>\n<h3><div class=\"su-note\"  style=\"border-color:#d4c3e5;border-radius:4px;-moz-border-radius:4px;-webkit-border-radius:4px;\"><div class=\"su-note-inner su-u-clearfix su-u-trim\" style=\"background-color:#eeddff;border-color:#ffffff;color:#000000;border-radius:4px;-moz-border-radius:4px;-webkit-border-radius:4px;\">La propuesta de \u00abSer-Vidas en Red\u00bb es favorecer el consumo local de los diferentes productos y servicios que se generan en La Alpujarra.<\/div><\/div><\/h3>\n<p style=\"text-align: left;\"><div class=\"su-box su-box-style-noise\" id=\"\" style=\"border-color:#330033;border-radius:4px\"><div class=\"su-box-title\" style=\"background-color:#660066;color:#FFFFFF;border-top-left-radius:2px;border-top-right-radius:2px\">10 RAZONES PARA CONSUMIR ALIMENTOS LOCALES<\/div><div class=\"su-box-content su-u-clearfix su-u-trim\" style=\"border-bottom-left-radius:2px;border-bottom-right-radius:2px\">10 RAZONES PARA CONSUMIR ALIMENTOS LOCALES:<\/p>\n<p style=\"text-align: left;\"><strong>Comer productos locales es bueno para la econom\u00eda local.<\/strong> Un euro gastado en productos cercanos genera el doble para la econom\u00eda local.<\/p>\n<p style=\"text-align: left;\"><strong>Los productos son m\u00e1s frescos.<\/strong> Los productos transportados desde grandes distancias pueden haber estado semanas en congeladores.<\/p>\n<p style=\"text-align: left;\"><strong>La comida local sabe mejor.<\/strong> Un producto recolectado en su punto \u00f3ptimo de maduraci\u00f3n tiene mucho m\u00e1s sabor que uno recolectado prematuramente por condicionantes del transporte.<\/p>\n<p style=\"text-align: left;\"><strong>Son mas naturales.<\/strong> Los productos recolectados tradicionalmente cerca de tu casa tienen menos productos para conservarlos y aditivos.<\/p>\n<p style=\"text-align: left;\"><strong>Comer de esta forma reduce emisiones de gases contaminantes.<\/strong> Los medios que transportan los productos de lugares lejanos provocan elevadas emisiones de CO2.<\/p>\n<p style=\"text-align: left;\"><strong>Comemos productos de temporada.<\/strong> Al consumir productos locales autom\u00e1ticamente comemos productos de temporada que son m\u00e1s sanos. Adem\u00e1s los productos de temporada son m\u00e1s baratos.<\/p>\n<p style=\"text-align: left;\"><strong>Conoces de donde vienen tus alimentos.<\/strong> Siempre es m\u00e1s reconfortante sentarte a comer sabiendo de donde proceden los productos. Conociendo al panadero, al agricultor, etc. y sabiendo c\u00f3mo trabajan.<\/p>\n<p style=\"text-align: left;\"><strong>La comida local es variada.<\/strong> Un agricultor que no produce industrialmente puede dedicarse a producir una variada gama productos.<\/p>\n<p style=\"text-align: left;\"><strong>Impides monopolios que alteran los precios de origen.<\/strong> El 80% de los productos se distribuyen en Espa\u00f1a por pocas empresas que imponen los precios finales y que se produce y como.<\/p>\n<p style=\"text-align: left;\"><strong>Apoyar a los peque\u00f1os productores sirve para luchar contra esto.<\/strong>\u00a0\u00a0<img loading=\"lazy\" decoding=\"async\" class=\"wp-image-1223 alignright\" alt=\"\" src=\"http:\/\/www.servidasenred.net\/net\/wp-content\/uploads\/2014\/03\/Productores_locales-400x246.jpg\" width=\"318\" height=\"196\" srcset=\"https:\/\/www.servidasenred.net\/net\/wp-content\/uploads\/2014\/03\/Productores_locales-400x246.jpg 400w, https:\/\/www.servidasenred.net\/net\/wp-content\/uploads\/2014\/03\/Productores_locales.jpg 600w\" sizes=\"(max-width: 318px) 100vw, 318px\" \/> Comprando a los productores locales apoyas el desarrollo sostenible de sus tierras y negocios. Con ingresos dignos los productores locales permanecer\u00e1n y utilizar\u00e1n sus recursos generando riqueza y empleo para su comunidad.<\/div><\/div>\n<p>&nbsp;<\/p>\n<p><a href=\"http:\/\/hortigas.org\/index.html\"><img loading=\"lazy\" decoding=\"async\" class=\"wp-image-1224 alignleft\" title=\"Visiatr Web\" alt=\"\" src=\"http:\/\/www.servidasenred.net\/net\/wp-content\/uploads\/2014\/03\/logo.png\" width=\"122\" height=\"109\" \/><\/a><br \/>\nEjemplo de consumo local \u00abgranadino\u00bb: <a title=\"Cooperativa Hortigas\" href=\" http:\/\/hortigas.org\/index.html\">la cooperativa \u00abHortigas\u00bb de Durcal<\/a> donde un grupo de personas comparten terreno hort\u00edcola, tareas, responsabilidades y organizaci\u00f3n para autogestionarse. Producen alimentaci\u00f3n ecol\u00f3gica, v\u00ednculos sociales saludables y participaci\u00f3n colectiva en diferentes movimientos sociales.<\/p>\n","protected":false},"excerpt":{"rendered":"<p>El consumo local o econom\u00eda local hace referencia al esfuerzo colaborativo para construir econom\u00edas basadas en productos de la localidad, comarca o regi\u00f3n. Espec\u00edficamente en el \u00e1mbito de la alimentaci\u00f3n, hace referencia a la producci\u00f3n, procesamiento, distribuci\u00f3n y consumo integrados&#8230;<\/p>\n","protected":false},"author":2,"featured_media":0,"parent":80,"menu_order":22,"comment_status":"closed","ping_status":"closed","template":"","meta":{"footnotes":""},"_links":{"self":[{"href":"https:\/\/www.servidasenred.net\/net\/wp-json\/wp\/v2\/pages\/84"}],"collection":[{"href":"https:\/\/www.servidasenred.net\/net\/wp-json\/wp\/v2\/pages"}],"about":[{"href":"https:\/\/www.servidasenred.net\/net\/wp-json\/wp\/v2\/types\/page"}],"author":[{"embeddable":true,"href":"https:\/\/www.servidasenred.net\/net\/wp-json\/wp\/v2\/users\/2"}],"replies":[{"embeddable":true,"href":"https:\/\/www.servidasenred.net\/net\/wp-json\/wp\/v2\/comments?post=84"}],"version-history":[{"count":0,"href":"https:\/\/www.servidasenred.net\/net\/wp-json\/wp\/v2\/pages\/84\/revisions"}],"up":[{"embeddable":true,"href":"https:\/\/www.servidasenred.net\/net\/wp-json\/wp\/v2\/pages\/80"}],"wp:attachment":[{"href":"https:\/\/www.servidasenred.net\/net\/wp-json\/wp\/v2\/media?parent=84"}],"curies":[{"name":"wp","href":"https:\/\/api.w.org\/{rel}","templated":true}]}}